{"id":774,"date":"2025-12-12T16:13:22","date_gmt":"2025-12-12T21:13:22","guid":{"rendered":"https:\/\/fondationch.i4webdesign.ca\/about\/"},"modified":"2026-03-16T14:05:18","modified_gmt":"2026-03-16T18:05:18","slug":"a-propos","status":"publish","type":"page","link":"https:\/\/fondationch.i4webdesign.ca\/fr\/a-propos\/","title":{"rendered":"\u00c0 Propos"},"content":{"rendered":"\t\t<div data-elementor-type=\"wp-page\" data-elementor-id=\"774\" class=\"elementor elementor-774 elementor-15\">\n\t\t\t\t<div class=\"elementor-element elementor-element-92e5250 e-flex e-con-boxed e-con e-parent\" data-id=\"92e5250\" data-element_type=\"container\" data-e-type=\"container\" data-settings=\"{&quot;background_background&quot;:&quot;classic&quot;}\">\n\t\t\t\t\t<div class=\"e-con-inner\">\n\t\t<div class=\"elementor-element elementor-element-e6160e0 e-con-full e-flex e-con e-child\" data-id=\"e6160e0\" data-element_type=\"container\" data-e-type=\"container\">\n\t\t\t\t<div class=\"elementor-element elementor-element-23f312a elementor-widget elementor-widget-heading\" data-id=\"23f312a\" data-element_type=\"widget\" data-e-type=\"widget\" data-widget_type=\"heading.default\">\n\t\t\t\t<div class=\"elementor-widget-container\">\n\t\t\t\t\t<h1 class=\"elementor-heading-title elementor-size-default\">\u00c0 Propos<\/h1>\t\t\t\t<\/div>\n\t\t\t\t<\/div>\n\t\t\t\t<\/div>\n\t\t\t\t\t<\/div>\n\t\t\t\t<\/div>\n\t\t<div class=\"elementor-element elementor-element-25231a8 e-flex e-con-boxed e-con e-parent\" data-id=\"25231a8\" data-element_type=\"container\" data-e-type=\"container\" data-settings=\"{&quot;background_background&quot;:&quot;classic&quot;}\">\n\t\t\t\t\t<div class=\"e-con-inner\">\n\t\t<div class=\"elementor-element elementor-element-a265164 e-con-full e-flex e-con e-child\" data-id=\"a265164\" data-element_type=\"container\" data-e-type=\"container\">\n\t\t\t\t<div class=\"elementor-element elementor-element-699f97d elementor-widget elementor-widget-heading\" data-id=\"699f97d\" data-element_type=\"widget\" data-e-type=\"widget\" data-widget_type=\"heading.default\">\n\t\t\t\t<div class=\"elementor-widget-container\">\n\t\t\t\t\t<h3 class=\"elementor-heading-title elementor-size-default\">Historique<\/h3>\t\t\t\t<\/div>\n\t\t\t\t<\/div>\n\t\t\t\t<div class=\"elementor-element elementor-element-a80dcec elementor-widget-divider--view-line elementor-widget elementor-widget-divider\" data-id=\"a80dcec\" data-element_type=\"widget\" data-e-type=\"widget\" data-widget_type=\"divider.default\">\n\t\t\t\t<div class=\"elementor-widget-container\">\n\t\t\t\t\t\t\t<div class=\"elementor-divider\">\n\t\t\t<span class=\"elementor-divider-separator\">\n\t\t\t\t\t\t<\/span>\n\t\t<\/div>\n\t\t\t\t\t\t<\/div>\n\t\t\t\t<\/div>\n\t\t<div class=\"elementor-element elementor-element-e8cdcc5 e-con-full e-flex e-con e-child\" data-id=\"e8cdcc5\" data-element_type=\"container\" data-e-type=\"container\">\n\t\t<div class=\"elementor-element elementor-element-83e0b78 e-con-full e-flex e-con e-child\" data-id=\"83e0b78\" data-element_type=\"container\" data-e-type=\"container\">\n\t\t\t\t<div class=\"elementor-element elementor-element-1f06a1d elementor-widget elementor-widget-image\" data-id=\"1f06a1d\" data-element_type=\"widget\" data-e-type=\"widget\" data-widget_type=\"image.default\">\n\t\t\t\t<div class=\"elementor-widget-container\">\n\t\t\t\t\t\t\t\t\t\t\t\t\t\t\t<img fetchpriority=\"high\" decoding=\"async\" width=\"536\" height=\"350\" src=\"https:\/\/fondationch.i4webdesign.ca\/wp-content\/uploads\/2025\/12\/history-building-2.jpg\" class=\"attachment-large size-large wp-image-557\" alt=\"\" srcset=\"https:\/\/fondationch.i4webdesign.ca\/wp-content\/uploads\/2025\/12\/history-building-2.jpg 536w, https:\/\/fondationch.i4webdesign.ca\/wp-content\/uploads\/2025\/12\/history-building-2-300x196.jpg 300w\" sizes=\"(max-width: 536px) 100vw, 536px\" \/>\t\t\t\t\t\t\t\t\t\t\t\t\t\t\t<\/div>\n\t\t\t\t<\/div>\n\t\t\t\t<\/div>\n\t\t<div class=\"elementor-element elementor-element-4b1f999 e-con-full e-flex e-con e-child\" data-id=\"4b1f999\" data-element_type=\"container\" data-e-type=\"container\">\n\t\t\t\t<div class=\"elementor-element elementor-element-706fd07 elementor-widget elementor-widget-text-editor\" data-id=\"706fd07\" data-element_type=\"widget\" data-e-type=\"widget\" data-widget_type=\"text-editor.default\">\n\t\t\t\t<div class=\"elementor-widget-container\">\n\t\t\t\t\t\t\t\t\t<p>Fond\u00e9e en 1998, la Fondation de la Cheneli\u00e8re est l\u2019aboutissement d\u2019une d\u00e9marche qu\u2019avaient entam\u00e9e les employ\u00e9s de la maison d\u2019\u00e9dition Cheneli\u00e8re \u00c9ducation avec la distribution annuelle de paniers de No\u00ebl dans le quartier de la petite Italie de Montr\u00e9al. Les bureaux de la maison d\u2019\u00e9dition \u00e9taient situ\u00e9s \u00e0 l\u2019angle du boulevard Saint-Laurent et de la rue Mozart.<\/p><p>Cheneli\u00e8re \u00c9ducation, une maison d\u2019\u00e9dition de manuels scolaires et universitaires \u00e9tablie pendant plus de 20 ans dans le quartier de la petite Italie comptait plus de 200 employ\u00e9s qui se sont impliqu\u00e9s dans la vie du quartier.<\/p>\t\t\t\t\t\t\t\t<\/div>\n\t\t\t\t<\/div>\n\t\t\t\t<\/div>\n\t\t\t\t<\/div>\n\t\t\t\t<\/div>\n\t\t\t\t\t<\/div>\n\t\t\t\t<\/div>\n\t\t<div class=\"elementor-element elementor-element-625dc78 e-flex e-con-boxed e-con e-parent\" data-id=\"625dc78\" data-element_type=\"container\" data-e-type=\"container\">\n\t\t\t\t\t<div class=\"e-con-inner\">\n\t\t<div class=\"elementor-element elementor-element-3141d2e e-con-full e-flex e-con e-child\" data-id=\"3141d2e\" data-element_type=\"container\" data-e-type=\"container\">\n\t\t\t\t<div class=\"elementor-element elementor-element-2b99714 elementor-widget elementor-widget-text-editor\" data-id=\"2b99714\" data-element_type=\"widget\" data-e-type=\"widget\" data-widget_type=\"text-editor.default\">\n\t\t\t\t<div class=\"elementor-widget-container\">\n\t\t\t\t\t\t\t\t\t<p>Les d\u00e9buts de la Fondation sont alors tr\u00e8s modestes et consistent \u00e0 fournir \u00e0 une \u00e9cole du quartier des outils pour encourager et motiver les \u00e9l\u00e8ves.<\/p><p>Puis la Fondation a \u00e9t\u00e9 en mesure d\u2019assurer de l\u2019aide r\u00e9guli\u00e8re \u00e0 quatre \u00e9coles:<\/p><ul><li>Notre-Dame de la D\u00e9fense<\/li><li>Saint-Jean de la Croix<\/li><li>Saint-Ambroise<\/li><li>Saint-Ars\u00e8ne<\/li><\/ul><p>La Fondation a distribu\u00e9 \u00e0 l\u2019\u00e9poque plus de 250 000 $ gr\u00e2ce aux g\u00e9n\u00e9reuses contributions de la maison d\u2019\u00e9dition, de ses employ\u00e9s, de ses pigistes et fournisseurs. Gr\u00e2ce \u00e9galement \u00e0 des activit\u00e9s diverses de lev\u00e9es de fonds : ventes de garage, tirages, spectacles.<\/p><p>Cheneli\u00e8re \u00c9ducation poursuit maintenant depuis 2006 ses activit\u00e9s d\u2019\u00e9dition au sein du groupe Livres de Transcontinental.<\/p>\t\t\t\t\t\t\t\t<\/div>\n\t\t\t\t<\/div>\n\t\t\t\t<\/div>\n\t\t\t\t\t<\/div>\n\t\t\t\t<\/div>\n\t\t<div class=\"elementor-element elementor-element-479ba11 e-flex e-con-boxed e-con e-parent\" data-id=\"479ba11\" data-element_type=\"container\" data-e-type=\"container\">\n\t\t\t\t\t<div class=\"e-con-inner\">\n\t\t\t\t<div class=\"elementor-element elementor-element-9a84fe7 elementor-widget elementor-widget-heading\" data-id=\"9a84fe7\" data-element_type=\"widget\" data-e-type=\"widget\" data-widget_type=\"heading.default\">\n\t\t\t\t<div class=\"elementor-widget-container\">\n\t\t\t\t\t<h4 class=\"elementor-heading-title elementor-size-default\">Michel de la Cheneli\u00e8re, Pr\u00e9sident-fondateur<\/h4>\t\t\t\t<\/div>\n\t\t\t\t<\/div>\n\t\t\t\t<div class=\"elementor-element elementor-element-e10f450 elementor-widget elementor-widget-text-editor\" data-id=\"e10f450\" data-element_type=\"widget\" data-e-type=\"widget\" data-widget_type=\"text-editor.default\">\n\t\t\t\t<div class=\"elementor-widget-container\">\n\t\t\t\t\t\t\t\t\t<p>Figure de proue de l\u2019\u00e9dition au Qu\u00e9bec et philanthrope, Michel de la Cheneli\u00e8re est le fondateur des \u00c9ditions de la Cheneli\u00e8re, connue aujourd\u2019hui sous le nom de Cheneli\u00e8re \u00c9ducation, une entreprise pionni\u00e8re dans l\u2019\u00e9dition de manuels scolaires et universitaires francophones en Am\u00e9rique du Nord.<\/p><p>Gr\u00e2ce au sens aigu des affaires et \u00e0 la grande passion de son cr\u00e9ateur, l\u2019entreprise, fond\u00e9e en 1984, est devenue la plus importante maison d\u2019\u00e9dition francophone sp\u00e9cialis\u00e9e en \u00e9ducation en Am\u00e9rique du Nord.<\/p><p>Depuis la vente de Cheneli\u00e8re Education il se concentre sur ses actions philanthropiques. Il fait partie d\u2019une nouvelle vague de philanthropes essentiels au milieu artistique et culturel, et soutient les domaines de l\u2019\u00e9ducation et des arts. <br \/>B\u00e9n\u00e9vole engag\u00e9 et ambassadeur enthousiaste, Michel de la Cheneli\u00e8re appuie plusieurs organismes culturels, ainsi que des actions \u00e9ducatives \u00e0 l\u2019international.<\/p><p>En 2018, Michel de la Cheneli\u00e8re devient membre de l\u2019Ordre du Canada. Il est aussi chevalier de l\u2019Ordre national du Qu\u00e9bec (2017), de l\u2019Ordre de Montr\u00e9al (2017), ainsi que de l\u2019Ordre des Arts et des Lettres de la R\u00e9publique fran\u00e7aise (2017). Il est laur\u00e9at du prix Camille-Laurin de l\u2019Office qu\u00e9b\u00e9cois de la langue fran\u00e7aise (2016) et du Prix d\u2019excellence en philanthropie de l\u2019Association des Mus\u00e9es Canadiens (2018). <br \/>En 2012, il a \u00e9t\u00e9 laur\u00e9at du prix B\u00e9n\u00e9vole d\u2019affaires (CCMM-CAM). <br \/>En 2019, on lui d\u00e9cerne un Doctorat Es Lettre Honoris Causa de l\u2019Universit\u00e9 McGill.<\/p>\t\t\t\t\t\t\t\t<\/div>\n\t\t\t\t<\/div>\n\t\t\t\t\t<\/div>\n\t\t\t\t<\/div>\n\t\t\t\t<\/div>\n\t\t","protected":false},"excerpt":{"rendered":"<p>Historique Fond\u00e9e en 1998, la Fondation de la Cheneli\u00e8re est l\u2019aboutissement d\u2019une d\u00e9marche qu\u2019avaient entam\u00e9e les employ\u00e9s de la maison d\u2019\u00e9dition Cheneli\u00e8re \u00c9ducation avec la distribution annuelle de paniers de No\u00ebl dans le quartier de la petite Italie de Montr\u00e9al. Les bureaux de la maison d\u2019\u00e9dition \u00e9taient situ\u00e9s \u00e0 l\u2019angle du boulevard Saint-Laurent et de [&hellip;]<\/p>\n","protected":false},"author":2,"featured_media":0,"parent":0,"menu_order":0,"comment_status":"closed","ping_status":"closed","template":"","meta":{"site-sidebar-layout":"no-sidebar","site-content-layout":"page-builder","ast-site-content-layout":"full-width-container","site-content-style":"unboxed","site-sidebar-style":"unboxed","ast-global-header-display":"","ast-banner-title-visibility":"","ast-main-header-display":"","ast-hfb-above-header-display":"","ast-hfb-below-header-display":"","ast-hfb-mobile-header-display":"","site-post-title":"disabled","ast-breadcrumbs-content":"disabled","ast-featured-img":"disabled","footer-sml-layout":"","ast-disable-related-posts":"","theme-transparent-header-meta":"enabled","adv-header-id-meta":"","stick-header-meta":"","header-above-stick-meta":"","header-main-stick-meta":"","header-below-stick-meta":"","astra-migrate-meta-layouts":"set","ast-page-background-enabled":"default","ast-page-background-meta":{"desktop":{"background-color":"","background-image":"","background-repeat":"repeat","background-position":"center center","background-size":"auto","background-attachment":"scroll","background-type":"","background-media":"","overlay-type":"","overlay-color":"","overlay-opacity":"","overlay-gradient":""},"tablet":{"background-color":"","background-image":"","background-repeat":"repeat","background-position":"center center","background-size":"auto","background-attachment":"scroll","background-type":"","background-media":"","overlay-type":"","overlay-color":"","overlay-opacity":"","overlay-gradient":""},"mobile":{"background-color":"","background-image":"","background-repeat":"repeat","background-position":"center center","background-size":"auto","background-attachment":"scroll","background-type":"","background-media":"","overlay-type":"","overlay-color":"","overlay-opacity":"","overlay-gradient":""}},"ast-content-background-meta":{"desktop":{"background-color":"var(--ast-global-color-5)","background-image":"","background-repeat":"repeat","background-position":"center center","background-size":"auto","background-attachment":"scroll","background-type":"","background-media":"","overlay-type":"","overlay-color":"","overlay-opacity":"","overlay-gradient":""},"tablet":{"background-color":"var(--ast-global-color-5)","background-image":"","background-repeat":"repeat","background-position":"center center","background-size":"auto","background-attachment":"scroll","background-type":"","background-media":"","overlay-type":"","overlay-color":"","overlay-opacity":"","overlay-gradient":""},"mobile":{"background-color":"var(--ast-global-color-5)","background-image":"","background-repeat":"repeat","background-position":"center center","background-size":"auto","background-attachment":"scroll","background-type":"","background-media":"","overlay-type":"","overlay-color":"","overlay-opacity":"","overlay-gradient":""}},"footnotes":""},"class_list":["post-774","page","type-page","status-publish","hentry"],"_links":{"self":[{"href":"https:\/\/fondationch.i4webdesign.ca\/fr\/wp-json\/wp\/v2\/pages\/774","targetHints":{"allow":["GET"]}}],"collection":[{"href":"https:\/\/fondationch.i4webdesign.ca\/fr\/wp-json\/wp\/v2\/pages"}],"about":[{"href":"https:\/\/fondationch.i4webdesign.ca\/fr\/wp-json\/wp\/v2\/types\/page"}],"author":[{"embeddable":true,"href":"https:\/\/fondationch.i4webdesign.ca\/fr\/wp-json\/wp\/v2\/users\/2"}],"replies":[{"embeddable":true,"href":"https:\/\/fondationch.i4webdesign.ca\/fr\/wp-json\/wp\/v2\/comments?post=774"}],"version-history":[{"count":48,"href":"https:\/\/fondationch.i4webdesign.ca\/fr\/wp-json\/wp\/v2\/pages\/774\/revisions"}],"predecessor-version":[{"id":1488,"href":"https:\/\/fondationch.i4webdesign.ca\/fr\/wp-json\/wp\/v2\/pages\/774\/revisions\/1488"}],"wp:attachment":[{"href":"https:\/\/fondationch.i4webdesign.ca\/fr\/wp-json\/wp\/v2\/media?parent=774"}],"curies":[{"name":"wp","href":"https:\/\/api.w.org\/{rel}","templated":true}]}}