{"id":766,"date":"2025-12-12T16:13:22","date_gmt":"2025-12-12T21:13:22","guid":{"rendered":"https:\/\/fondationch.i4webdesign.ca\/home\/"},"modified":"2026-03-12T10:00:50","modified_gmt":"2026-03-12T14:00:50","slug":"home","status":"publish","type":"page","link":"https:\/\/fondationch.i4webdesign.ca\/fr\/","title":{"rendered":"Mission"},"content":{"rendered":"\t\t<div data-elementor-type=\"wp-page\" data-elementor-id=\"766\" class=\"elementor elementor-766 elementor-7\">\n\t\t\t\t<div class=\"elementor-element elementor-element-59c3665 e-flex e-con-boxed e-con e-parent\" data-id=\"59c3665\" data-element_type=\"container\" data-e-type=\"container\" data-settings=\"{&quot;background_background&quot;:&quot;classic&quot;}\">\n\t\t\t\t\t<div class=\"e-con-inner\">\n\t\t<div class=\"elementor-element elementor-element-8dea961 e-con-full e-flex e-con e-child\" data-id=\"8dea961\" data-element_type=\"container\" data-e-type=\"container\">\n\t\t\t\t<div class=\"elementor-element elementor-element-22b15f5 elementor-widget elementor-widget-heading\" data-id=\"22b15f5\" data-element_type=\"widget\" data-e-type=\"widget\" data-widget_type=\"heading.default\">\n\t\t\t\t<div class=\"elementor-widget-container\">\n\t\t\t\t\t<h1 class=\"elementor-heading-title elementor-size-default\">Mission<\/h1>\t\t\t\t<\/div>\n\t\t\t\t<\/div>\n\t\t\t\t<\/div>\n\t\t\t\t\t<\/div>\n\t\t\t\t<\/div>\n\t\t<div class=\"elementor-element elementor-element-7c34019 e-flex e-con-boxed e-con e-parent\" data-id=\"7c34019\" data-element_type=\"container\" data-e-type=\"container\" data-settings=\"{&quot;background_background&quot;:&quot;classic&quot;}\">\n\t\t\t\t\t<div class=\"e-con-inner\">\n\t\t<div class=\"elementor-element elementor-element-08e9add e-con-full e-flex e-con e-child\" data-id=\"08e9add\" data-element_type=\"container\" data-e-type=\"container\">\n\t\t\t\t<div class=\"elementor-element elementor-element-e92032a elementor-widget elementor-widget-heading\" data-id=\"e92032a\" data-element_type=\"widget\" data-e-type=\"widget\" data-widget_type=\"heading.default\">\n\t\t\t\t<div class=\"elementor-widget-container\">\n\t\t\t\t\t<h3 class=\"elementor-heading-title elementor-size-default\">Fondation de la Cheneli\u00e8re<\/h3>\t\t\t\t<\/div>\n\t\t\t\t<\/div>\n\t\t\t\t<\/div>\n\t\t\t\t\t<\/div>\n\t\t\t\t<\/div>\n\t\t<div class=\"elementor-element elementor-element-0b4ac6f e-flex e-con-boxed e-con e-parent\" data-id=\"0b4ac6f\" data-element_type=\"container\" data-e-type=\"container\" data-settings=\"{&quot;background_background&quot;:&quot;classic&quot;}\">\n\t\t\t\t\t<div class=\"e-con-inner\">\n\t\t<div class=\"elementor-element elementor-element-daea1da e-con-full e-flex e-con e-child\" data-id=\"daea1da\" data-element_type=\"container\" data-e-type=\"container\" data-settings=\"{&quot;background_background&quot;:&quot;classic&quot;}\">\n\t\t<div class=\"elementor-element elementor-element-cc8aff6 e-con-full e-flex e-con e-child\" data-id=\"cc8aff6\" data-element_type=\"container\" data-e-type=\"container\">\n\t\t\t\t<div class=\"elementor-element elementor-element-b0411f8 elementor-widget elementor-widget-text-editor\" data-id=\"b0411f8\" data-element_type=\"widget\" data-e-type=\"widget\" data-widget_type=\"text-editor.default\">\n\t\t\t\t<div class=\"elementor-widget-container\">\n\t\t\t\t\t\t\t\t\t<p>La Fondation de la Cheneli\u00e8re ayant acquis sa pleine autonomie depuis la vente de la maison d\u2019\u00e9dition Cheneli\u00e8re \u00c9ducation o\u00f9 elle a vu le jour, nous avons choisi de diversifier nos champs d\u2019action, selon une philosophie qui con\u00e7oit l\u2019\u00e9ducation comme la r\u00e9ponse aux enjeux contemporains.<\/p><p><strong>\u00ab L\u2019\u00e9ducation est l\u2019arme la plus puissante qu\u2019on puisse utiliser pour changer le monde \u00bb<\/strong> &#8211; Nelson Mandela<\/p><p>Ainsi, nous avons choisi trois grands axes de l\u2019\u00e9ducation :<\/p><ul><li><strong>L\u2019\u00e9ducation et les arts visuels<\/strong><\/li><li><strong>L\u2019\u00e9ducation et les arts vivants<\/strong><\/li><li><strong>L\u2019\u00e9ducation \u00e0 l\u2019international<\/strong><\/li><\/ul>\t\t\t\t\t\t\t\t<\/div>\n\t\t\t\t<\/div>\n\t\t\t\t<\/div>\n\t\t<div class=\"elementor-element elementor-element-52226ae e-con-full e-flex e-con e-child\" data-id=\"52226ae\" data-element_type=\"container\" data-e-type=\"container\">\n\t\t\t\t<div class=\"elementor-element elementor-element-ccb6bb7 elementor-widget__width-inherit elementor-widget elementor-widget-image\" data-id=\"ccb6bb7\" data-element_type=\"widget\" data-e-type=\"widget\" data-widget_type=\"image.default\">\n\t\t\t\t<div class=\"elementor-widget-container\">\n\t\t\t\t\t\t\t\t\t\t\t\t\t\t\t<img decoding=\"async\" src=\"https:\/\/fondationch.i4webdesign.ca\/wp-content\/uploads\/elementor\/thumbs\/bridge2-rjryqhp4tkw94387r5llmbqu7bx47ov0uuldes85be.jpg\" title=\"bridge2\" alt=\"bridge2\" loading=\"lazy\" \/>\t\t\t\t\t\t\t\t\t\t\t\t\t\t\t<\/div>\n\t\t\t\t<\/div>\n\t\t\t\t<\/div>\n\t\t\t\t<\/div>\n\t\t\t\t\t<\/div>\n\t\t\t\t<\/div>\n\t\t<div class=\"elementor-element elementor-element-c9d508d e-flex e-con-boxed e-con e-parent\" data-id=\"c9d508d\" data-element_type=\"container\" data-e-type=\"container\" data-settings=\"{&quot;background_background&quot;:&quot;classic&quot;}\">\n\t\t\t\t\t<div class=\"e-con-inner\">\n\t\t<div class=\"elementor-element elementor-element-681c6ab e-con-full e-flex e-con e-child\" data-id=\"681c6ab\" data-element_type=\"container\" data-e-type=\"container\">\n\t\t\t\t<div class=\"elementor-element elementor-element-c24aa0a elementor-widget elementor-widget-text-editor\" data-id=\"c24aa0a\" data-element_type=\"widget\" data-e-type=\"widget\" data-widget_type=\"text-editor.default\">\n\t\t\t\t<div class=\"elementor-widget-container\">\n\t\t\t\t\t\t\t\t\t<p>Une tr\u00e8s grande partie des fonds r\u00e9colt\u00e9s par de g\u00e9n\u00e9reuses donations vont en majorit\u00e9 \u00e0 la sant\u00e9 et \u00e0 la recherche sur les maladies, ce qui est important et n\u00e9cessaire. Cependant l\u2019\u00e9ducation et les arts en g\u00e9n\u00e9ral sont beaucoup moins dot\u00e9s alors que c\u2019est la base du d\u00e9veloppement de tout \u00eatre humain.<\/p><p>Plus nous donnerons aux enfants, aux adolescents et aux adultes les outils pour repenser le monde \u00e0 travers les arts, plus notre \u00e9ducation s\u2019en trouvera enrichie. Plus nous donnerons g\u00e9n\u00e9reusement aux institutions d\u2019enseignement des pays \u00e9mergents, plus nous rapprocherons le monde d\u2019une compr\u00e9hension mutuelle de la paix<\/p>\t\t\t\t\t\t\t\t<\/div>\n\t\t\t\t<\/div>\n\t\t\t\t<div class=\"elementor-element elementor-element-53a08e5 elementor-widget-divider--view-line elementor-widget elementor-widget-divider\" data-id=\"53a08e5\" data-element_type=\"widget\" data-e-type=\"widget\" data-widget_type=\"divider.default\">\n\t\t\t\t<div class=\"elementor-widget-container\">\n\t\t\t\t\t\t\t<div class=\"elementor-divider\">\n\t\t\t<span class=\"elementor-divider-separator\">\n\t\t\t\t\t\t<\/span>\n\t\t<\/div>\n\t\t\t\t\t\t<\/div>\n\t\t\t\t<\/div>\n\t\t\t\t<\/div>\n\t\t\t\t\t<\/div>\n\t\t\t\t<\/div>\n\t\t\t\t<\/div>\n\t\t","protected":false},"excerpt":{"rendered":"<p>Mission Fondation de la Cheneli\u00e8re La Fondation de la Cheneli\u00e8re ayant acquis sa pleine autonomie depuis la vente de la maison d\u2019\u00e9dition Cheneli\u00e8re \u00c9ducation o\u00f9 elle a vu le jour, nous avons choisi de diversifier nos champs d\u2019action, selon une philosophie qui con\u00e7oit l\u2019\u00e9ducation comme la r\u00e9ponse aux enjeux contemporains. \u00ab L\u2019\u00e9ducation est l\u2019arme la [&hellip;]<\/p>\n","protected":false},"author":2,"featured_media":0,"parent":0,"menu_order":0,"comment_status":"closed","ping_status":"closed","template":"","meta":{"site-sidebar-layout":"no-sidebar","site-content-layout":"page-builder","ast-site-content-layout":"full-width-container","site-content-style":"unboxed","site-sidebar-style":"unboxed","ast-global-header-display":"","ast-banner-title-visibility":"","ast-main-header-display":"","ast-hfb-above-header-display":"","ast-hfb-below-header-display":"","ast-hfb-mobile-header-display":"","site-post-title":"disabled","ast-breadcrumbs-content":"disabled","ast-featured-img":"disabled","footer-sml-layout":"","ast-disable-related-posts":"","theme-transparent-header-meta":"enabled","adv-header-id-meta":"","stick-header-meta":"","header-above-stick-meta":"","header-main-stick-meta":"","header-below-stick-meta":"","astra-migrate-meta-layouts":"default","ast-page-background-enabled":"default","ast-page-background-meta":{"desktop":{"background-color":"","background-image":"","background-repeat":"repeat","background-position":"center center","background-size":"auto","background-attachment":"scroll","background-type":"","background-media":"","overlay-type":"","overlay-color":"","overlay-opacity":"","overlay-gradient":""},"tablet":{"background-color":"","background-image":"","background-repeat":"repeat","background-position":"center center","background-size":"auto","background-attachment":"scroll","background-type":"","background-media":"","overlay-type":"","overlay-color":"","overlay-opacity":"","overlay-gradient":""},"mobile":{"background-color":"","background-image":"","background-repeat":"repeat","background-position":"center center","background-size":"auto","background-attachment":"scroll","background-type":"","background-media":"","overlay-type":"","overlay-color":"","overlay-opacity":"","overlay-gradient":""}},"ast-content-background-meta":{"desktop":{"background-color":"var(--ast-global-color-5)","background-image":"","background-repeat":"repeat","background-position":"center center","background-size":"auto","background-attachment":"scroll","background-type":"","background-media":"","overlay-type":"","overlay-color":"","overlay-opacity":"","overlay-gradient":""},"tablet":{"background-color":"var(--ast-global-color-5)","background-image":"","background-repeat":"repeat","background-position":"center center","background-size":"auto","background-attachment":"scroll","background-type":"","background-media":"","overlay-type":"","overlay-color":"","overlay-opacity":"","overlay-gradient":""},"mobile":{"background-color":"var(--ast-global-color-5)","background-image":"","background-repeat":"repeat","background-position":"center center","background-size":"auto","background-attachment":"scroll","background-type":"","background-media":"","overlay-type":"","overlay-color":"","overlay-opacity":"","overlay-gradient":""}},"footnotes":""},"class_list":["post-766","page","type-page","status-publish","hentry"],"_links":{"self":[{"href":"https:\/\/fondationch.i4webdesign.ca\/fr\/wp-json\/wp\/v2\/pages\/766","targetHints":{"allow":["GET"]}}],"collection":[{"href":"https:\/\/fondationch.i4webdesign.ca\/fr\/wp-json\/wp\/v2\/pages"}],"about":[{"href":"https:\/\/fondationch.i4webdesign.ca\/fr\/wp-json\/wp\/v2\/types\/page"}],"author":[{"embeddable":true,"href":"https:\/\/fondationch.i4webdesign.ca\/fr\/wp-json\/wp\/v2\/users\/2"}],"replies":[{"embeddable":true,"href":"https:\/\/fondationch.i4webdesign.ca\/fr\/wp-json\/wp\/v2\/comments?post=766"}],"version-history":[{"count":44,"href":"https:\/\/fondationch.i4webdesign.ca\/fr\/wp-json\/wp\/v2\/pages\/766\/revisions"}],"predecessor-version":[{"id":1443,"href":"https:\/\/fondationch.i4webdesign.ca\/fr\/wp-json\/wp\/v2\/pages\/766\/revisions\/1443"}],"wp:attachment":[{"href":"https:\/\/fondationch.i4webdesign.ca\/fr\/wp-json\/wp\/v2\/media?parent=766"}],"curies":[{"name":"wp","href":"https:\/\/api.w.org\/{rel}","templated":true}]}}